{"id":8,"date":"2018-10-13T20:00:03","date_gmt":"2018-10-13T20:00:03","guid":{"rendered":"https:\/\/www.inventur-revision-consulting.de\/?page_id=8"},"modified":"2024-01-24T10:34:33","modified_gmt":"2024-01-24T10:34:33","slug":"ueber-mich","status":"publish","type":"page","link":"https:\/\/www.inventur-revision-consulting.de\/?page_id=8","title":{"rendered":"\u00dcber mich"},"content":{"rendered":"<p><strong>Meine Erfahrungsschwerpunkte<\/strong><\/p>\n<p>Ich bin seit \u00fcber 30 Jahren f\u00fcr unterschiedliche Einzel-\/ Handelsunternehmen t\u00e4tig und habe viele Entwicklungen miterlebt und mitgestaltet. Diese Erfahrungswerte m\u00f6chte ich Ihnen anbieten -f\u00fcr den Erfolg Ihres Unternehmens!<\/p>\n<p>Eine der S\u00e4ulen meiner Revisionst\u00e4tigkeit ist die praktische Erfahrung in leitender Funktion im Handel.<\/p>\n\n<table id=\"tablepress-1\" class=\"tablepress tablepress-id-1\">\n<tbody>\n<tr class=\"row-1\">\n\t<td class=\"column-1\">Ralf Achtnicht, Jahrgang 1965,<br \/>\nseit \u00fcber 25 Jahren in verschiedenen Managementfunktionen des kfm. Bereichs t\u00e4tig<br \/>\n<strong>Schwerpunkte<\/strong>: Unternehmensberatung, Revision, Projektmanagement, Inventur, Fraud<\/td><td class=\"column-2\"><img loading=\"lazy\" decoding=\"async\" src=\"https:\/\/www.inventur-revision-consulting.de\/wp-content\/uploads\/2018\/03\/P1540280-220x300.jpg\" alt=\"\" width=\"220\" height=\"300\" class=\"aligncenter size-medium wp-image-52\" \/><\/td>\n<\/tr>\n<tr class=\"row-2\">\n\t<td class=\"column-1\"><strong>2018\/02 - heute<\/strong><\/td><td class=\"column-2\"><strong>I\/R Consulting Beratung und Interimsmanagement<br \/>\nInhaber<\/strong><br \/>\ndiverse Beratungsmandate<br \/>\n<\/td>\n<\/tr>\n<tr class=\"row-3\">\n\t<td class=\"column-1\"><strong>2017\/01 - 2020\/07<\/strong><\/td><td class=\"column-2\"><strong>mobilcom-debitel Shop Nordhorn<\/strong><br \/>\nInhaber\/Gesch\u00e4ftsf\u00fchrer<\/td>\n<\/tr>\n<tr class=\"row-4\">\n\t<td class=\"column-1\"><strong>2011\/12 - 2016\/12<\/strong><\/td><td class=\"column-2\"><strong>Leiter Revision national<\/strong><br \/>\nmobilcom-debitel Shop GmbH<br \/>\nOberkr\u00e4mer (Berlin), Branche: Telekommunikation \/ Einzelhandel<br \/>\n<\/td>\n<\/tr>\n<tr class=\"row-5\">\n\t<td class=\"column-1\"><strong>2008\/12 - 2010\/12<\/strong><\/td><td class=\"column-2\"><strong>Revisionsleiter Deutschland Nord-West<\/strong><br \/>\nNetto Marken-Discount AG &amp; Co. KG<br \/>\nNiederlassung Verden, Branche: Einzelhandel<br \/>\n<\/td>\n<\/tr>\n<tr class=\"row-6\">\n\t<td class=\"column-1\"><strong>2002\/05 - 2008\/11<\/strong><\/td><td class=\"column-2\"><strong>Abteilungsleiter Inventur \/ Revision<\/strong><br \/>\nTakko Holding GmbH, Telgte, Branche: Textilhandel<br \/>\n<\/td>\n<\/tr>\n<tr class=\"row-7\">\n\t<td class=\"column-1\"><strong>2001\/09 - 2002\/05<\/strong><\/td><td class=\"column-2\"><strong>Projektleiter Systemeinf\u00fchrung Permanente Inventur<\/strong> <br \/>\nTakko Holding GmbH, Telgte, Branche: Textilhandel<br \/>\n<\/td>\n<\/tr>\n<tr class=\"row-8\">\n\t<td class=\"column-1\"><strong>1995\/09 - 2001\/09<\/strong><\/td><td class=\"column-2\"><strong>Revisor<\/strong><br \/>\nTakko Holding GmbH, Telgte, Branche: Textilhandel<\/td>\n<\/tr>\n<tr class=\"row-9\">\n\t<td class=\"column-1\"><strong>1994\/01 - 1995\/06<\/strong><\/td><td class=\"column-2\"><strong>Marktleiter<\/strong><br \/>\nInterspar SB-Warenhaus, Wilhelmshaven, Branche: Einzelhandel<\/td>\n<\/tr>\n<tr class=\"row-10\">\n\t<td class=\"column-1\"><strong>1990\/09 - 1993\/06<\/strong><\/td><td class=\"column-2\"><strong>Abteilungsleiter, stellv. Gesch\u00e4ftsgruppenleiter<\/strong><br \/>\nMarktkauf GmbH, Branche: Einzelhandel<\/td>\n<\/tr>\n<\/tbody>\n<\/table>\n<!-- #tablepress-1 from cache -->\n<p>Professionelle Beratung, bzw. Unterst\u00fctzung muss nicht teuer sein!<\/p>\n<p>Kontaktieren Sie mich ganz unkompliziert.<\/p>\n","protected":false},"excerpt":{"rendered":"<p>Meine Erfahrungsschwerpunkte Ich bin seit \u00fcber 30 Jahren f\u00fcr unterschiedliche Einzel-\/ Handelsunternehmen t\u00e4tig und habe viele Entwicklungen miterlebt und mitgestaltet. Diese Erfahrungswerte m\u00f6chte ich Ihnen anbieten -f\u00fcr den Erfolg Ihres Unternehmens! Eine der S\u00e4ulen meiner Revisionst\u00e4tigkeit ist die praktische Erfahrung in leitender Funktion im Handel. Professionelle Beratung, bzw. Unterst\u00fctzung muss nicht teuer sein! Kontaktieren Sie &hellip; <\/p>\n<p class=\"link-more\"><a href=\"https:\/\/www.inventur-revision-consulting.de\/?page_id=8\" class=\"more-link\"><span class=\"screen-reader-text\">\u201e\u00dcber mich\u201c<\/span> weiterlesen<\/a><\/p>\n","protected":false},"author":1,"featured_media":29,"parent":0,"menu_order":0,"comment_status":"closed","ping_status":"closed","template":"","meta":{"footnotes":""},"class_list":["post-8","page","type-page","status-publish","has-post-thumbnail","hentry"],"_links":{"self":[{"href":"https:\/\/www.inventur-revision-consulting.de\/index.php?rest_route=\/wp\/v2\/pages\/8","targetHints":{"allow":["GET"]}}],"collection":[{"href":"https:\/\/www.inventur-revision-consulting.de\/index.php?rest_route=\/wp\/v2\/pages"}],"about":[{"href":"https:\/\/www.inventur-revision-consulting.de\/index.php?rest_route=\/wp\/v2\/types\/page"}],"author":[{"embeddable":true,"href":"https:\/\/www.inventur-revision-consulting.de\/index.php?rest_route=\/wp\/v2\/users\/1"}],"replies":[{"embeddable":true,"href":"https:\/\/www.inventur-revision-consulting.de\/index.php?rest_route=%2Fwp%2Fv2%2Fcomments&post=8"}],"version-history":[{"count":10,"href":"https:\/\/www.inventur-revision-consulting.de\/index.php?rest_route=\/wp\/v2\/pages\/8\/revisions"}],"predecessor-version":[{"id":242,"href":"https:\/\/www.inventur-revision-consulting.de\/index.php?rest_route=\/wp\/v2\/pages\/8\/revisions\/242"}],"wp:featuredmedia":[{"embeddable":true,"href":"https:\/\/www.inventur-revision-consulting.de\/index.php?rest_route=\/wp\/v2\/media\/29"}],"wp:attachment":[{"href":"https:\/\/www.inventur-revision-consulting.de\/index.php?rest_route=%2Fwp%2Fv2%2Fmedia&parent=8"}],"curies":[{"name":"wp","href":"https:\/\/api.w.org\/{rel}","templated":true}]}}